{"id":1009,"date":"2019-09-14T00:28:57","date_gmt":"2019-09-13T22:28:57","guid":{"rendered":"http:\/\/manufaktura.home.pl\/autoinstalator\/wordpressplugins\/?page_id=1009"},"modified":"2019-09-15T00:18:48","modified_gmt":"2019-09-14T22:18:48","slug":"ilustracje","status":"publish","type":"page","link":"https:\/\/mikolajkamler.pl\/pl_pl\/","title":{"rendered":"Ilustracje"},"content":{"rendered":"\n<p>Tu mo\u017cna znale\u017a\u0107 moje portfolio ilustracyjne &#8211; prosz\u0119 klika\u0107 na projekty, w kt\u00f3rych bra\u0142em udzia\u0142, by obejrze\u0107 ilustracje.<\/p>\n","protected":false},"excerpt":{"rendered":"<p>Tu mo\u017cna znale\u017a\u0107 moje portfolio ilustracyjne &#8211; prosz\u0119 klika\u0107 na projekty, w kt\u00f3rych bra\u0142em udzia\u0142, by obejrze\u0107 ilustracje.<\/p>\n","protected":false},"author":1,"featured_media":0,"parent":39,"menu_order":0,"comment_status":"closed","ping_status":"closed","template":"portfolio-page.php","meta":{"footnotes":""},"class_list":["post-1009","page","type-page","status-publish","hentry"],"yoast_head":"<!-- This site is optimized with the Yoast SEO plugin v24.9 - https:\/\/yoast.com\/wordpress\/plugins\/seo\/ -->\n<title>Ilustracje | Miko\u0142aj Kamler<\/title>\n<meta name=\"robots\" content=\"index, follow, max-snippet:-1, max-image-preview:large, max-video-preview:-1\" \/>\n<link rel=\"canonical\" href=\"http:\/\/mikolajkamler.pl\/pl_pl\/\" \/>\n<meta property=\"og:locale\" content=\"pl_PL\" \/>\n<meta property=\"og:type\" content=\"article\" \/>\n<meta property=\"og:title\" content=\"Ilustracje | Miko\u0142aj Kamler\" \/>\n<meta property=\"og:description\" content=\"Tu mo\u017cna znale\u017a\u0107 moje portfolio ilustracyjne &#8211; prosz\u0119 klika\u0107 na projekty, w kt\u00f3rych bra\u0142em udzia\u0142, by obejrze\u0107 ilustracje.\" \/>\n<meta property=\"og:url\" content=\"http:\/\/mikolajkamler.pl\/pl_pl\/\" \/>\n<meta property=\"og:site_name\" content=\"Miko\u0142aj Kamler\" \/>\n<meta property=\"article:modified_time\" content=\"2019-09-14T22:18:48+00:00\" \/>\n<meta name=\"twitter:card\" content=\"summary_large_image\" \/>\n<script type=\"application\/ld+json\" class=\"yoast-schema-graph\">{\"@context\":\"https:\/\/schema.org\",\"@graph\":[{\"@type\":\"WebPage\",\"@id\":\"http:\/\/mikolajkamler.pl\/pl_pl\/\",\"url\":\"http:\/\/mikolajkamler.pl\/pl_pl\/\",\"name\":\"Ilustracje | Miko\u0142aj Kamler\",\"isPartOf\":{\"@id\":\"http:\/\/mikolajkamler.pl\/pl_pl\/#website\"},\"datePublished\":\"2019-09-13T22:28:57+00:00\",\"dateModified\":\"2019-09-14T22:18:48+00:00\",\"breadcrumb\":{\"@id\":\"http:\/\/mikolajkamler.pl\/pl_pl\/#breadcrumb\"},\"inLanguage\":\"pl-PL\",\"potentialAction\":[{\"@type\":\"ReadAction\",\"target\":[\"http:\/\/mikolajkamler.pl\/pl_pl\/\"]}]},{\"@type\":\"BreadcrumbList\",\"@id\":\"http:\/\/mikolajkamler.pl\/pl_pl\/#breadcrumb\",\"itemListElement\":[{\"@type\":\"ListItem\",\"position\":1,\"name\":\"Strona g\u0142\u00f3wna\",\"item\":\"http:\/\/mikolajkamler.pl\/pl_pl\/\"},{\"@type\":\"ListItem\",\"position\":2,\"name\":\"Home\",\"item\":\"http:\/\/mikolajkamler.pl\/pl_pl\/home\/\"},{\"@type\":\"ListItem\",\"position\":3,\"name\":\"Ilustracje\"}]},{\"@type\":\"WebSite\",\"@id\":\"http:\/\/mikolajkamler.pl\/pl_pl\/#website\",\"url\":\"http:\/\/mikolajkamler.pl\/pl_pl\/\",\"name\":\"Miko\u0142aj Kamler - portfolio\",\"description\":\"Ilustracje ||| Animacje\",\"publisher\":{\"@id\":\"http:\/\/mikolajkamler.pl\/pl_pl\/#\/schema\/person\/337577033a7bcebd4e5ce98fb5307608\"},\"potentialAction\":[{\"@type\":\"SearchAction\",\"target\":{\"@type\":\"EntryPoint\",\"urlTemplate\":\"http:\/\/mikolajkamler.pl\/pl_pl\/?s={search_term_string}\"},\"query-input\":{\"@type\":\"PropertyValueSpecification\",\"valueRequired\":true,\"valueName\":\"search_term_string\"}}],\"inLanguage\":\"pl-PL\"},{\"@type\":[\"Person\",\"Organization\"],\"@id\":\"http:\/\/mikolajkamler.pl\/pl_pl\/#\/schema\/person\/337577033a7bcebd4e5ce98fb5307608\",\"name\":\"admin\",\"image\":{\"@type\":\"ImageObject\",\"inLanguage\":\"pl-PL\",\"@id\":\"http:\/\/mikolajkamler.pl\/pl_pl\/#\/schema\/person\/image\/\",\"url\":\"https:\/\/secure.gravatar.com\/avatar\/809b6c0cf9614ccd65f07625e2ee48b51671016f28fd9dc3c0888dc092c58515?s=96&d=mm&r=g\",\"contentUrl\":\"https:\/\/secure.gravatar.com\/avatar\/809b6c0cf9614ccd65f07625e2ee48b51671016f28fd9dc3c0888dc092c58515?s=96&d=mm&r=g\",\"caption\":\"admin\"},\"logo\":{\"@id\":\"http:\/\/mikolajkamler.pl\/pl_pl\/#\/schema\/person\/image\/\"}}]}<\/script>\n<!-- \/ Yoast SEO plugin. -->","yoast_head_json":{"title":"Ilustracje | Miko\u0142aj Kamler","robots":{"index":"index","follow":"follow","max-snippet":"max-snippet:-1","max-image-preview":"max-image-preview:large","max-video-preview":"max-video-preview:-1"},"canonical":"http:\/\/mikolajkamler.pl\/pl_pl\/","og_locale":"pl_PL","og_type":"article","og_title":"Ilustracje | Miko\u0142aj Kamler","og_description":"Tu mo\u017cna znale\u017a\u0107 moje portfolio ilustracyjne &#8211; prosz\u0119 klika\u0107 na projekty, w kt\u00f3rych bra\u0142em udzia\u0142, by obejrze\u0107 ilustracje.","og_url":"http:\/\/mikolajkamler.pl\/pl_pl\/","og_site_name":"Miko\u0142aj Kamler","article_modified_time":"2019-09-14T22:18:48+00:00","twitter_card":"summary_large_image","schema":{"@context":"https:\/\/schema.org","@graph":[{"@type":"WebPage","@id":"http:\/\/mikolajkamler.pl\/pl_pl\/","url":"http:\/\/mikolajkamler.pl\/pl_pl\/","name":"Ilustracje | Miko\u0142aj Kamler","isPartOf":{"@id":"http:\/\/mikolajkamler.pl\/pl_pl\/#website"},"datePublished":"2019-09-13T22:28:57+00:00","dateModified":"2019-09-14T22:18:48+00:00","breadcrumb":{"@id":"http:\/\/mikolajkamler.pl\/pl_pl\/#breadcrumb"},"inLanguage":"pl-PL","potentialAction":[{"@type":"ReadAction","target":["http:\/\/mikolajkamler.pl\/pl_pl\/"]}]},{"@type":"BreadcrumbList","@id":"http:\/\/mikolajkamler.pl\/pl_pl\/#breadcrumb","itemListElement":[{"@type":"ListItem","position":1,"name":"Strona g\u0142\u00f3wna","item":"http:\/\/mikolajkamler.pl\/pl_pl\/"},{"@type":"ListItem","position":2,"name":"Home","item":"http:\/\/mikolajkamler.pl\/pl_pl\/home\/"},{"@type":"ListItem","position":3,"name":"Ilustracje"}]},{"@type":"WebSite","@id":"http:\/\/mikolajkamler.pl\/pl_pl\/#website","url":"http:\/\/mikolajkamler.pl\/pl_pl\/","name":"Miko\u0142aj Kamler - portfolio","description":"Ilustracje ||| Animacje","publisher":{"@id":"http:\/\/mikolajkamler.pl\/pl_pl\/#\/schema\/person\/337577033a7bcebd4e5ce98fb5307608"},"potentialAction":[{"@type":"SearchAction","target":{"@type":"EntryPoint","urlTemplate":"http:\/\/mikolajkamler.pl\/pl_pl\/?s={search_term_string}"},"query-input":{"@type":"PropertyValueSpecification","valueRequired":true,"valueName":"search_term_string"}}],"inLanguage":"pl-PL"},{"@type":["Person","Organization"],"@id":"http:\/\/mikolajkamler.pl\/pl_pl\/#\/schema\/person\/337577033a7bcebd4e5ce98fb5307608","name":"admin","image":{"@type":"ImageObject","inLanguage":"pl-PL","@id":"http:\/\/mikolajkamler.pl\/pl_pl\/#\/schema\/person\/image\/","url":"https:\/\/secure.gravatar.com\/avatar\/809b6c0cf9614ccd65f07625e2ee48b51671016f28fd9dc3c0888dc092c58515?s=96&d=mm&r=g","contentUrl":"https:\/\/secure.gravatar.com\/avatar\/809b6c0cf9614ccd65f07625e2ee48b51671016f28fd9dc3c0888dc092c58515?s=96&d=mm&r=g","caption":"admin"},"logo":{"@id":"http:\/\/mikolajkamler.pl\/pl_pl\/#\/schema\/person\/image\/"}}]}},"jetpack_sharing_enabled":true,"jetpack_likes_enabled":true,"_links":{"self":[{"href":"https:\/\/mikolajkamler.pl\/pl_pl\/wp-json\/wp\/v2\/pages\/1009","targetHints":{"allow":["GET"]}}],"collection":[{"href":"https:\/\/mikolajkamler.pl\/pl_pl\/wp-json\/wp\/v2\/pages"}],"about":[{"href":"https:\/\/mikolajkamler.pl\/pl_pl\/wp-json\/wp\/v2\/types\/page"}],"author":[{"embeddable":true,"href":"https:\/\/mikolajkamler.pl\/pl_pl\/wp-json\/wp\/v2\/users\/1"}],"replies":[{"embeddable":true,"href":"https:\/\/mikolajkamler.pl\/pl_pl\/wp-json\/wp\/v2\/comments?post=1009"}],"version-history":[{"count":1,"href":"https:\/\/mikolajkamler.pl\/pl_pl\/wp-json\/wp\/v2\/pages\/1009\/revisions"}],"predecessor-version":[{"id":1010,"href":"https:\/\/mikolajkamler.pl\/pl_pl\/wp-json\/wp\/v2\/pages\/1009\/revisions\/1010"}],"up":[{"embeddable":true,"href":"https:\/\/mikolajkamler.pl\/pl_pl\/wp-json\/wp\/v2\/pages\/39"}],"wp:attachment":[{"href":"https:\/\/mikolajkamler.pl\/pl_pl\/wp-json\/wp\/v2\/media?parent=1009"}],"curies":[{"name":"wp","href":"https:\/\/api.w.org\/{rel}","templated":true}]}}