{"id":7,"date":"2017-11-07T21:59:10","date_gmt":"2017-11-07T21:59:10","guid":{"rendered":"https:\/\/ilustracjeblog.wordpress.com\/?page_id=2"},"modified":"2024-08-11T22:22:25","modified_gmt":"2024-08-11T20:22:25","slug":"about","status":"publish","type":"page","link":"https:\/\/mikolajkamler.pl\/pl_pl\/about\/","title":{"rendered":"O mnie"},"content":{"rendered":"<div class=\"wp-block-image\">\n<figure class=\"aligncenter\"><img data-recalc-dims=\"1\" decoding=\"async\" src=\"https:\/\/ilustracjeblog.files.wordpress.com\/2018\/04\/autoportret8.jpg?w=880\" alt=\"autoportret8\" class=\"wp-image-352\"\/><\/figure><\/div>\n\n\n<p>Nazywam si\u0119 Miko\u0142aj Kamler.<\/p>\n\n\n\n<p>Jestem ilustratorem. Mieszkam w Warszawie. W 1995 r. zrobi\u0142em dyplom w pracowni ilustracji ( u prof. Janusza Stannego ) na wydziale grafiki warszawskiej ASP. Od tego czasu pracuj\u0119 dla rozmaitych wydawnictw, g\u0142\u00f3wnie publikuj\u0105cych ksi\u0105\u017cki i pisma dla dzieci i m\u0142odzie\u017cy.<\/p>\n\n\n\n<p>W mojej pracy wykorzystuj\u0119 zar\u00f3wno techniki tradycyjne ( akwarela, pi\u00f3rko itp ) jak i komputer ( Photoshop, Illustrator, ArtRage ). Od kilku lat coraz cz\u0119\u015bciej mam okazj\u0119 tworzy\u0107 filmy animowane &#8211; kr\u00f3tkie formy takie, jak zwiastuny ksi\u0105\u017cek czy gier &#8211; pos\u0142uguj\u0105c si\u0119 programami takimi, jak AfterEffects czy Animate.<\/p>\n\n\n\n<p>P\u0142ynnie pos\u0142uguj\u0119 si\u0119 angielskim ( poziom C2 ) i francuskim, nieco gorzej &#8211; acz r\u00f3wnie\u017c skutecznie &#8211; porozumiewam si\u0119 po niemiecku.<\/p>\n\n\n\n<p>Od 2018 r. prowadz\u0119 zaj\u0119cia z ilustracji i animacji &#8211; po polsku i angielsku na wydziale grafiki AFiBW Vistula.<\/p>\n","protected":false},"excerpt":{"rendered":"<p>Nazywam si\u0119 Miko\u0142aj Kamler. Jestem ilustratorem. Mieszkam w Warszawie. W 1995 r. zrobi\u0142em dyplom w pracowni ilustracji ( u prof. Janusza Stannego ) na wydziale grafiki warszawskiej ASP. Od tego czasu pracuj\u0119 dla rozmaitych wydawnictw, g\u0142\u00f3wnie publikuj\u0105cych ksi\u0105\u017cki i pisma dla dzieci i m\u0142odzie\u017cy. W mojej pracy wykorzystuj\u0119 zar\u00f3wno techniki tradycyjne ( akwarela, pi\u00f3rko itp [&hellip;]<\/p>\n","protected":false},"author":2,"featured_media":0,"parent":0,"menu_order":2,"comment_status":"closed","ping_status":"closed","template":"","meta":{"footnotes":""},"class_list":["post-7","page","type-page","status-publish","hentry"],"yoast_head":"<!-- This site is optimized with the Yoast SEO plugin v24.9 - https:\/\/yoast.com\/wordpress\/plugins\/seo\/ -->\n<title>O mnie | Miko\u0142aj Kamler<\/title>\n<meta name=\"robots\" content=\"index, follow, max-snippet:-1, max-image-preview:large, max-video-preview:-1\" \/>\n<link rel=\"canonical\" href=\"https:\/\/mikolajkamler.pl\/pl_pl\/about\/\" \/>\n<meta property=\"og:locale\" content=\"pl_PL\" \/>\n<meta property=\"og:type\" content=\"article\" \/>\n<meta property=\"og:title\" content=\"O mnie | Miko\u0142aj Kamler\" \/>\n<meta property=\"og:description\" content=\"Nazywam si\u0119 Miko\u0142aj Kamler. Jestem ilustratorem. Mieszkam w Warszawie. W 1995 r. zrobi\u0142em dyplom w pracowni ilustracji ( u prof. Janusza Stannego ) na wydziale grafiki warszawskiej ASP. Od tego czasu pracuj\u0119 dla rozmaitych wydawnictw, g\u0142\u00f3wnie publikuj\u0105cych ksi\u0105\u017cki i pisma dla dzieci i m\u0142odzie\u017cy. W mojej pracy wykorzystuj\u0119 zar\u00f3wno techniki tradycyjne ( akwarela, pi\u00f3rko itp [&hellip;]\" \/>\n<meta property=\"og:url\" content=\"https:\/\/mikolajkamler.pl\/pl_pl\/about\/\" \/>\n<meta property=\"og:site_name\" content=\"Miko\u0142aj Kamler\" \/>\n<meta property=\"article:modified_time\" content=\"2024-08-11T20:22:25+00:00\" \/>\n<meta property=\"og:image\" content=\"https:\/\/ilustracjeblog.files.wordpress.com\/2018\/04\/autoportret8.jpg\" \/>\n<meta name=\"twitter:card\" content=\"summary_large_image\" \/>\n<meta name=\"twitter:label1\" content=\"Szacowany czas czytania\" \/>\n\t<meta name=\"twitter:data1\" content=\"1 minuta\" \/>\n<script type=\"application\/ld+json\" class=\"yoast-schema-graph\">{\"@context\":\"https:\/\/schema.org\",\"@graph\":[{\"@type\":\"WebPage\",\"@id\":\"https:\/\/mikolajkamler.pl\/pl_pl\/about\/\",\"url\":\"https:\/\/mikolajkamler.pl\/pl_pl\/about\/\",\"name\":\"O mnie | Miko\u0142aj Kamler\",\"isPartOf\":{\"@id\":\"http:\/\/mikolajkamler.pl\/pl_pl\/#website\"},\"primaryImageOfPage\":{\"@id\":\"https:\/\/mikolajkamler.pl\/pl_pl\/about\/#primaryimage\"},\"image\":{\"@id\":\"https:\/\/mikolajkamler.pl\/pl_pl\/about\/#primaryimage\"},\"thumbnailUrl\":\"https:\/\/ilustracjeblog.files.wordpress.com\/2018\/04\/autoportret8.jpg\",\"datePublished\":\"2017-11-07T21:59:10+00:00\",\"dateModified\":\"2024-08-11T20:22:25+00:00\",\"breadcrumb\":{\"@id\":\"https:\/\/mikolajkamler.pl\/pl_pl\/about\/#breadcrumb\"},\"inLanguage\":\"pl-PL\",\"potentialAction\":[{\"@type\":\"ReadAction\",\"target\":[\"https:\/\/mikolajkamler.pl\/pl_pl\/about\/\"]}]},{\"@type\":\"ImageObject\",\"inLanguage\":\"pl-PL\",\"@id\":\"https:\/\/mikolajkamler.pl\/pl_pl\/about\/#primaryimage\",\"url\":\"https:\/\/ilustracjeblog.files.wordpress.com\/2018\/04\/autoportret8.jpg\",\"contentUrl\":\"https:\/\/ilustracjeblog.files.wordpress.com\/2018\/04\/autoportret8.jpg\"},{\"@type\":\"BreadcrumbList\",\"@id\":\"https:\/\/mikolajkamler.pl\/pl_pl\/about\/#breadcrumb\",\"itemListElement\":[{\"@type\":\"ListItem\",\"position\":1,\"name\":\"Strona g\u0142\u00f3wna\",\"item\":\"http:\/\/mikolajkamler.pl\/pl_pl\/\"},{\"@type\":\"ListItem\",\"position\":2,\"name\":\"O mnie\"}]},{\"@type\":\"WebSite\",\"@id\":\"http:\/\/mikolajkamler.pl\/pl_pl\/#website\",\"url\":\"http:\/\/mikolajkamler.pl\/pl_pl\/\",\"name\":\"Miko\u0142aj Kamler - portfolio\",\"description\":\"Ilustracje ||| Animacje\",\"publisher\":{\"@id\":\"http:\/\/mikolajkamler.pl\/pl_pl\/#\/schema\/person\/337577033a7bcebd4e5ce98fb5307608\"},\"potentialAction\":[{\"@type\":\"SearchAction\",\"target\":{\"@type\":\"EntryPoint\",\"urlTemplate\":\"http:\/\/mikolajkamler.pl\/pl_pl\/?s={search_term_string}\"},\"query-input\":{\"@type\":\"PropertyValueSpecification\",\"valueRequired\":true,\"valueName\":\"search_term_string\"}}],\"inLanguage\":\"pl-PL\"},{\"@type\":[\"Person\",\"Organization\"],\"@id\":\"http:\/\/mikolajkamler.pl\/pl_pl\/#\/schema\/person\/337577033a7bcebd4e5ce98fb5307608\",\"name\":\"admin\",\"image\":{\"@type\":\"ImageObject\",\"inLanguage\":\"pl-PL\",\"@id\":\"http:\/\/mikolajkamler.pl\/pl_pl\/#\/schema\/person\/image\/\",\"url\":\"https:\/\/secure.gravatar.com\/avatar\/809b6c0cf9614ccd65f07625e2ee48b51671016f28fd9dc3c0888dc092c58515?s=96&d=mm&r=g\",\"contentUrl\":\"https:\/\/secure.gravatar.com\/avatar\/809b6c0cf9614ccd65f07625e2ee48b51671016f28fd9dc3c0888dc092c58515?s=96&d=mm&r=g\",\"caption\":\"admin\"},\"logo\":{\"@id\":\"http:\/\/mikolajkamler.pl\/pl_pl\/#\/schema\/person\/image\/\"}}]}<\/script>\n<!-- \/ Yoast SEO plugin. -->","yoast_head_json":{"title":"O mnie | Miko\u0142aj Kamler","robots":{"index":"index","follow":"follow","max-snippet":"max-snippet:-1","max-image-preview":"max-image-preview:large","max-video-preview":"max-video-preview:-1"},"canonical":"https:\/\/mikolajkamler.pl\/pl_pl\/about\/","og_locale":"pl_PL","og_type":"article","og_title":"O mnie | Miko\u0142aj Kamler","og_description":"Nazywam si\u0119 Miko\u0142aj Kamler. Jestem ilustratorem. Mieszkam w Warszawie. W 1995 r. zrobi\u0142em dyplom w pracowni ilustracji ( u prof. Janusza Stannego ) na wydziale grafiki warszawskiej ASP. Od tego czasu pracuj\u0119 dla rozmaitych wydawnictw, g\u0142\u00f3wnie publikuj\u0105cych ksi\u0105\u017cki i pisma dla dzieci i m\u0142odzie\u017cy. W mojej pracy wykorzystuj\u0119 zar\u00f3wno techniki tradycyjne ( akwarela, pi\u00f3rko itp [&hellip;]","og_url":"https:\/\/mikolajkamler.pl\/pl_pl\/about\/","og_site_name":"Miko\u0142aj Kamler","article_modified_time":"2024-08-11T20:22:25+00:00","og_image":[{"url":"https:\/\/ilustracjeblog.files.wordpress.com\/2018\/04\/autoportret8.jpg","type":"","width":"","height":""}],"twitter_card":"summary_large_image","twitter_misc":{"Szacowany czas czytania":"1 minuta"},"schema":{"@context":"https:\/\/schema.org","@graph":[{"@type":"WebPage","@id":"https:\/\/mikolajkamler.pl\/pl_pl\/about\/","url":"https:\/\/mikolajkamler.pl\/pl_pl\/about\/","name":"O mnie | Miko\u0142aj Kamler","isPartOf":{"@id":"http:\/\/mikolajkamler.pl\/pl_pl\/#website"},"primaryImageOfPage":{"@id":"https:\/\/mikolajkamler.pl\/pl_pl\/about\/#primaryimage"},"image":{"@id":"https:\/\/mikolajkamler.pl\/pl_pl\/about\/#primaryimage"},"thumbnailUrl":"https:\/\/ilustracjeblog.files.wordpress.com\/2018\/04\/autoportret8.jpg","datePublished":"2017-11-07T21:59:10+00:00","dateModified":"2024-08-11T20:22:25+00:00","breadcrumb":{"@id":"https:\/\/mikolajkamler.pl\/pl_pl\/about\/#breadcrumb"},"inLanguage":"pl-PL","potentialAction":[{"@type":"ReadAction","target":["https:\/\/mikolajkamler.pl\/pl_pl\/about\/"]}]},{"@type":"ImageObject","inLanguage":"pl-PL","@id":"https:\/\/mikolajkamler.pl\/pl_pl\/about\/#primaryimage","url":"https:\/\/ilustracjeblog.files.wordpress.com\/2018\/04\/autoportret8.jpg","contentUrl":"https:\/\/ilustracjeblog.files.wordpress.com\/2018\/04\/autoportret8.jpg"},{"@type":"BreadcrumbList","@id":"https:\/\/mikolajkamler.pl\/pl_pl\/about\/#breadcrumb","itemListElement":[{"@type":"ListItem","position":1,"name":"Strona g\u0142\u00f3wna","item":"http:\/\/mikolajkamler.pl\/pl_pl\/"},{"@type":"ListItem","position":2,"name":"O mnie"}]},{"@type":"WebSite","@id":"http:\/\/mikolajkamler.pl\/pl_pl\/#website","url":"http:\/\/mikolajkamler.pl\/pl_pl\/","name":"Miko\u0142aj Kamler - portfolio","description":"Ilustracje ||| Animacje","publisher":{"@id":"http:\/\/mikolajkamler.pl\/pl_pl\/#\/schema\/person\/337577033a7bcebd4e5ce98fb5307608"},"potentialAction":[{"@type":"SearchAction","target":{"@type":"EntryPoint","urlTemplate":"http:\/\/mikolajkamler.pl\/pl_pl\/?s={search_term_string}"},"query-input":{"@type":"PropertyValueSpecification","valueRequired":true,"valueName":"search_term_string"}}],"inLanguage":"pl-PL"},{"@type":["Person","Organization"],"@id":"http:\/\/mikolajkamler.pl\/pl_pl\/#\/schema\/person\/337577033a7bcebd4e5ce98fb5307608","name":"admin","image":{"@type":"ImageObject","inLanguage":"pl-PL","@id":"http:\/\/mikolajkamler.pl\/pl_pl\/#\/schema\/person\/image\/","url":"https:\/\/secure.gravatar.com\/avatar\/809b6c0cf9614ccd65f07625e2ee48b51671016f28fd9dc3c0888dc092c58515?s=96&d=mm&r=g","contentUrl":"https:\/\/secure.gravatar.com\/avatar\/809b6c0cf9614ccd65f07625e2ee48b51671016f28fd9dc3c0888dc092c58515?s=96&d=mm&r=g","caption":"admin"},"logo":{"@id":"http:\/\/mikolajkamler.pl\/pl_pl\/#\/schema\/person\/image\/"}}]}},"jetpack_sharing_enabled":false,"jetpack_likes_enabled":null,"_links":{"self":[{"href":"https:\/\/mikolajkamler.pl\/pl_pl\/wp-json\/wp\/v2\/pages\/7","targetHints":{"allow":["GET"]}}],"collection":[{"href":"https:\/\/mikolajkamler.pl\/pl_pl\/wp-json\/wp\/v2\/pages"}],"about":[{"href":"https:\/\/mikolajkamler.pl\/pl_pl\/wp-json\/wp\/v2\/types\/page"}],"author":[{"embeddable":true,"href":"https:\/\/mikolajkamler.pl\/pl_pl\/wp-json\/wp\/v2\/users\/2"}],"replies":[{"embeddable":true,"href":"https:\/\/mikolajkamler.pl\/pl_pl\/wp-json\/wp\/v2\/comments?post=7"}],"version-history":[{"count":4,"href":"https:\/\/mikolajkamler.pl\/pl_pl\/wp-json\/wp\/v2\/pages\/7\/revisions"}],"predecessor-version":[{"id":1526,"href":"https:\/\/mikolajkamler.pl\/pl_pl\/wp-json\/wp\/v2\/pages\/7\/revisions\/1526"}],"wp:attachment":[{"href":"https:\/\/mikolajkamler.pl\/pl_pl\/wp-json\/wp\/v2\/media?parent=7"}],"curies":[{"name":"wp","href":"https:\/\/api.w.org\/{rel}","templated":true}]}}